{"id":1407,"date":"2023-07-05T15:23:41","date_gmt":"2023-07-05T15:23:41","guid":{"rendered":"https:\/\/www.test.banglearningframework.eu\/chi-siamo\/"},"modified":"2023-08-28T08:04:50","modified_gmt":"2023-08-28T08:04:50","slug":"chi-siamo","status":"publish","type":"page","link":"https:\/\/www.test.banglearningframework.eu\/it\/chi-siamo\/","title":{"rendered":"Chi siamo"},"content":{"rendered":"\n<h2 class=\"wp-block-heading\">Incontra il BANG! squadra<\/h2>\n\n<p>In qualit\u00e0 di team dietro lo sviluppo di questo progetto, ci sentiamo incredibilmente fortunati ad aver avuto l&#8217;opportunit\u00e0 di attingere alle nostre diverse prospettive e background, che alla fine ha portato un pensiero molto innovativo e una comprensione completa delle sfide e delle opportunit\u00e0 nell&#8217;istruzione e nello sviluppo dei giovani &#8211; e come per realizzare il cambiamento che desideriamo vedere nel campo educativo.<\/p>\n\n<div class=\"wp-block-media-text alignwide is-stacked-on-mobile home_pillar\"><figure class=\"wp-block-media-text__media\"><img loading=\"lazy\" decoding=\"async\" width=\"1920\" height=\"958\" src=\"https:\/\/www.test.banglearningframework.eu\/wp-content\/uploads\/Kaospilot_Activities-1920x958.jpeg\" alt=\"\" class=\"wp-image-1668 size-full\" srcset=\"https:\/\/www.test.banglearningframework.eu\/wp-content\/uploads\/Kaospilot_Activities-1920x958.jpeg 1920w, https:\/\/www.test.banglearningframework.eu\/wp-content\/uploads\/Kaospilot_Activities-737x368.jpeg 737w, https:\/\/www.test.banglearningframework.eu\/wp-content\/uploads\/Kaospilot_Activities-768x383.jpeg 768w, https:\/\/www.test.banglearningframework.eu\/wp-content\/uploads\/Kaospilot_Activities-1536x766.jpeg 1536w, https:\/\/www.test.banglearningframework.eu\/wp-content\/uploads\/Kaospilot_Activities-2048x1021.jpeg 2048w\" sizes=\"auto, (max-width: 1920px) 100vw, 1920px\" \/><\/figure><div class=\"wp-block-media-text__content\">\n<figure class=\"wp-block-image size-full is-resized\"><img loading=\"lazy\" decoding=\"async\" src=\"https:\/\/www.test.banglearningframework.eu\/wp-content\/uploads\/Kaospilot_Logo.png\" alt=\"\" class=\"wp-image-1613\" style=\"width:126px;height:23px\" width=\"126\" height=\"23\"\/><\/figure>\n\n\n\n<h3 class=\"wp-block-heading\">KAOSPILOT, Danimarca<\/h3>\n\n\n\n<p><strong>KAOSPILOT<\/strong> \u00e8 una rinomata scuola per la leadership creativa e l&#8217;imprenditorialit\u00e0 significativa, che fornisce ai leader emergenti le competenze e la mentalit\u00e0 per guidare un cambiamento di impatto.<\/p>\n\n\n\n<p class=\"has-small-font-size\">Dal 1991, aiutiamo le persone a navigare nell&#8217;incertezza, sfruttare la propria creativit\u00e0 e plasmare il futuro. I nostri programmi si concentrano sullo sviluppo delle conoscenze, delle abilit\u00e0 e degli atteggiamenti necessari affinch\u00e9 i leader realizzino i loro valori e le loro visioni. Nel corso degli anni, abbiamo formato migliaia di insegnanti ed educatori alla leadership attraverso corsi professionali, visite scolastiche ed ex studenti che lavorano nel settore educativo.<\/p>\n<\/div><\/div>\n\n<div class=\"wp-block-media-text alignwide is-stacked-on-mobile home_pillar\"><figure class=\"wp-block-media-text__media\"><img loading=\"lazy\" decoding=\"async\" width=\"1200\" height=\"546\" src=\"http:\/\/www.test.banglearningframework.eu\/wp-content\/uploads\/TBI_School.jpg\" alt=\"\" class=\"wp-image-1138 size-full\" srcset=\"https:\/\/www.test.banglearningframework.eu\/wp-content\/uploads\/TBI_School.jpg 1200w, https:\/\/www.test.banglearningframework.eu\/wp-content\/uploads\/TBI_School-737x335.jpg 737w, https:\/\/www.test.banglearningframework.eu\/wp-content\/uploads\/TBI_School-768x349.jpg 768w\" sizes=\"auto, (max-width: 1200px) 100vw, 1200px\" \/><\/figure><div class=\"wp-block-media-text__content\">\n<figure class=\"wp-block-image size-full\"><img loading=\"lazy\" decoding=\"async\" width=\"70\" height=\"70\" src=\"https:\/\/www.test.banglearningframework.eu\/wp-content\/uploads\/tbi_logo_70.png\" alt=\"\" class=\"wp-image-1143\"\/><\/figure>\n\n\n\n<h3 class=\"wp-block-heading\">The Big Idea, Ireland<\/h3>\n\n\n\n<p><strong>The Big Idea<\/strong> \u00e8 una societ\u00e0 a scopo di lucro incentrata sull&#8217;ispirazione e sulla capacit\u00e0 degli studenti di affrontare le questioni sociali attraverso il pensiero critico e la risoluzione creativa dei problemi.<\/p>\n\n\n\n<p class=\"has-small-font-size\">The Big Idea ha esperienza in varie aree rilevanti, tra cui pensiero progettuale, imprenditorialit\u00e0, branding e istruzione. The Big Idea\u2019s mission is to democratise creative thinking for young people to empower them to create innovative solutions to the world\u2019s biggest problems. The organisation operates nationally, with a focus on inclusion and providing free access to creative education for students, teachers, and schools. The Big Idea aims to create an equitable and diverse program that positively impacts students, teachers and communities.<\/p>\n<\/div><\/div>\n\n<div class=\"wp-block-media-text alignwide is-stacked-on-mobile home_pillar\"><figure class=\"wp-block-media-text__media\"><img loading=\"lazy\" decoding=\"async\" width=\"1200\" height=\"628\" src=\"http:\/\/www.test.banglearningframework.eu\/wp-content\/uploads\/polimi.jpg\" alt=\"\" class=\"wp-image-1174 size-full\" srcset=\"https:\/\/www.test.banglearningframework.eu\/wp-content\/uploads\/polimi.jpg 1200w, https:\/\/www.test.banglearningframework.eu\/wp-content\/uploads\/polimi-737x386.jpg 737w, https:\/\/www.test.banglearningframework.eu\/wp-content\/uploads\/polimi-768x402.jpg 768w\" sizes=\"auto, (max-width: 1200px) 100vw, 1200px\" \/><\/figure><div class=\"wp-block-media-text__content\">\n<figure class=\"wp-block-image size-full\"><img loading=\"lazy\" decoding=\"async\" width=\"92\" height=\"70\" src=\"https:\/\/www.test.banglearningframework.eu\/wp-content\/uploads\/polimi_logo-1.jpg\" alt=\"\" class=\"wp-image-1169\"\/><\/figure>\n\n\n\n<h3 class=\"wp-block-heading\">POLIMI (Politecnico di Milano), Italy<\/h3>\n\n\n\n<p><strong>POLIMI <\/strong>is a university renowned for its excellence in architecture, design, and engineering. It ranks 16th globally and 6th in Europe for engineering and technical universities.<\/p>\n\n\n\n<p class=\"has-small-font-size\">With campuses in Milan and premises across Lombardy, the university offers innovative programs at all levels, attracting a diverse community of students from over 100 countries. Politecnico di Milano emphasises the integration of teaching and research, conducting strategic research in various fields. The university boasts state-of-the-art facilities, including laboratories for wind tunnel testing, crash tests, micro and nano production, and new design processes.<\/p>\n<\/div><\/div>\n\n<div class=\"wp-block-media-text alignwide is-stacked-on-mobile home_pillar\"><figure class=\"wp-block-media-text__media\"><img loading=\"lazy\" decoding=\"async\" width=\"576\" height=\"366\" src=\"http:\/\/www.test.banglearningframework.eu\/wp-content\/uploads\/croatia.jpg\" alt=\"\" class=\"wp-image-1157 size-full\"\/><\/figure><div class=\"wp-block-media-text__content\">\n<figure class=\"wp-block-image size-full\"><img loading=\"lazy\" decoding=\"async\" width=\"176\" height=\"70\" src=\"https:\/\/www.test.banglearningframework.eu\/wp-content\/uploads\/croatia_logo_small.png\" alt=\"\" class=\"wp-image-1151\"\/><\/figure>\n\n\n\n<h3 class=\"wp-block-heading\">Secondary School of Agriculture and Forestry of Vikovci, Croatia<\/h3>\n\n\n\n<p>The <strong>Secondary School of Agriculture and Forestry of Vikovci, <\/strong>founded in 1946, is located in the town of Vinkovci, Croatia. The institution offers specialised education tailored to the agricultural and forestry sectors.<\/p>\n\n\n\n<p class=\"has-small-font-size\">Students benefit from a range of training fields, including plant production, farming, cattle breeding, fruit and wine growing, floriculture, gardening, forestry, and agriculture machinery. The school&#8217;s commitment to ecological production and sustainable energy sources has earned it the status of an eco-school.<\/p>\n\n\n\n<p class=\"has-small-font-size\">The Secondary School of Agriculture and Forestry Vinkovci actively engages in projects aimed at implementing new curricula, improving infrastructure (such as irrigation systems), and fostering entrepreneurship in agriculture.<\/p>\n<\/div><\/div>\n\n<div class=\"wp-block-media-text alignwide is-stacked-on-mobile home_pillar\"><figure class=\"wp-block-media-text__media\"><img loading=\"lazy\" decoding=\"async\" width=\"560\" height=\"253\" src=\"http:\/\/www.test.banglearningframework.eu\/wp-content\/uploads\/agrinio.jpg\" alt=\"\" class=\"wp-image-1126 size-full\"\/><\/figure><div class=\"wp-block-media-text__content\">\n<figure class=\"wp-block-image size-full\"><img loading=\"lazy\" decoding=\"async\" width=\"82\" height=\"70\" src=\"https:\/\/www.test.banglearningframework.eu\/wp-content\/uploads\/agrinio_logo.png\" alt=\"\" class=\"wp-image-1131\"\/><\/figure>\n\n\n\n<h3 class=\"wp-block-heading\">5th Senior High School of Agrinio, Greece<\/h3>\n\n\n\n<p>The <strong>5th Senior High School of Agrinio <\/strong>is a public, vibrant educational institution that emphasises academic excellence, technological proficiency, cultural awareness, and environmental consciousness, providing a well-rounded education for its students.<\/p>\n\n\n\n<p class=\"has-small-font-size\">With a strong focus on technology, the school has actively participated in technology projects related to educational robotics and programming. It collaborates with the Hellenic Open University and offers programming classes and courses on microcontrollers like Arduino. The school actively participates in Comenius and Erasmus+ projects, as well as other cultural and environmental educational initiatives.<\/p>\n<\/div><\/div>\n","protected":false},"excerpt":{"rendered":"<p>Incontra il BANG! squadra In qualit\u00e0 di team dietro lo sviluppo di questo progetto, ci sentiamo incredibilmente fortunati ad aver avuto l&#8217;opportunit\u00e0 di attingere alle nostre diverse prospettive e background, che alla fine ha portato un pensiero molto innovativo e una comprensione completa delle sfide e delle opportunit\u00e0 nell&#8217;istruzione e nello sviluppo dei giovani &#8211; [&hellip;]<\/p>\n","protected":false},"author":3,"featured_media":0,"parent":0,"menu_order":0,"comment_status":"closed","ping_status":"closed","template":"","meta":{"footnotes":""},"class_list":["post-1407","page","type-page","status-publish","hentry"],"_links":{"self":[{"href":"https:\/\/www.test.banglearningframework.eu\/it\/wp-json\/wp\/v2\/pages\/1407","targetHints":{"allow":["GET"]}}],"collection":[{"href":"https:\/\/www.test.banglearningframework.eu\/it\/wp-json\/wp\/v2\/pages"}],"about":[{"href":"https:\/\/www.test.banglearningframework.eu\/it\/wp-json\/wp\/v2\/types\/page"}],"author":[{"embeddable":true,"href":"https:\/\/www.test.banglearningframework.eu\/it\/wp-json\/wp\/v2\/users\/3"}],"replies":[{"embeddable":true,"href":"https:\/\/www.test.banglearningframework.eu\/it\/wp-json\/wp\/v2\/comments?post=1407"}],"version-history":[{"count":6,"href":"https:\/\/www.test.banglearningframework.eu\/it\/wp-json\/wp\/v2\/pages\/1407\/revisions"}],"predecessor-version":[{"id":1674,"href":"https:\/\/www.test.banglearningframework.eu\/it\/wp-json\/wp\/v2\/pages\/1407\/revisions\/1674"}],"wp:attachment":[{"href":"https:\/\/www.test.banglearningframework.eu\/it\/wp-json\/wp\/v2\/media?parent=1407"}],"curies":[{"name":"wp","href":"https:\/\/api.w.org\/{rel}","templated":true}]}}