{"id":1415,"date":"2023-07-05T15:23:41","date_gmt":"2023-07-05T15:23:41","guid":{"rendered":"https:\/\/www.test.banglearningframework.eu\/tko-smo-mi\/"},"modified":"2023-08-28T08:04:50","modified_gmt":"2023-08-28T08:04:50","slug":"tko-smo-mi","status":"publish","type":"page","link":"https:\/\/www.test.banglearningframework.eu\/hr\/tko-smo-mi\/","title":{"rendered":"Tko smo mi"},"content":{"rendered":"\n<h2 class=\"wp-block-heading\">Upoznajte BANG! tim<\/h2>\n\n<p>Kao tim koji stoji iza razvoja ovog projekta, osje\u0107amo se nevjerojatno sretnim \u0161to smo imali priliku osloniti se na na\u0161e razli\u010dite perspektive i pozadinu \u0161to je na kraju donijelo vrlo inovativno razmi\u0161ljanje i sveobuhvatno razumijevanje izazova i prilika u obrazovanju i razvoju mladih &#8211; i kako donijeti promjenu koju \u017eelimo vidjeti u obrazovnom polju.<\/p>\n\n<div class=\"wp-block-media-text alignwide is-stacked-on-mobile home_pillar\"><figure class=\"wp-block-media-text__media\"><img loading=\"lazy\" decoding=\"async\" width=\"1920\" height=\"958\" src=\"https:\/\/www.test.banglearningframework.eu\/wp-content\/uploads\/Kaospilot_Activities-1920x958.jpeg\" alt=\"\" class=\"wp-image-1668 size-full\" srcset=\"https:\/\/www.test.banglearningframework.eu\/wp-content\/uploads\/Kaospilot_Activities-1920x958.jpeg 1920w, https:\/\/www.test.banglearningframework.eu\/wp-content\/uploads\/Kaospilot_Activities-737x368.jpeg 737w, https:\/\/www.test.banglearningframework.eu\/wp-content\/uploads\/Kaospilot_Activities-768x383.jpeg 768w, https:\/\/www.test.banglearningframework.eu\/wp-content\/uploads\/Kaospilot_Activities-1536x766.jpeg 1536w, https:\/\/www.test.banglearningframework.eu\/wp-content\/uploads\/Kaospilot_Activities-2048x1021.jpeg 2048w\" sizes=\"auto, (max-width: 1920px) 100vw, 1920px\" \/><\/figure><div class=\"wp-block-media-text__content\">\n<figure class=\"wp-block-image size-full is-resized\"><img loading=\"lazy\" decoding=\"async\" src=\"https:\/\/www.test.banglearningframework.eu\/wp-content\/uploads\/Kaospilot_Logo.png\" alt=\"\" class=\"wp-image-1613\" style=\"width:126px;height:23px\" width=\"126\" height=\"23\"\/><\/figure>\n\n\n\n<h3 class=\"wp-block-heading\">KAOSPILOT, Danska<\/h3>\n\n\n\n<p><strong>KAOSPILOT<\/strong> je renomirana \u0161kola za kreativno vodstvo i smisleno poduzetni\u0161tvo, koja lidere u usponu osposobljava vje\u0161tinama i na\u010dinom razmi\u0161ljanja za poticanje utjecajnih promjena.<\/p>\n\n\n\n<p class=\"has-small-font-size\">Od 1991. osna\u017eujemo pojedince da se nose s neizvjesno\u0161\u0107u, iskoriste svoju kreativnost i oblikuju budu\u0107nost. Na\u0161i programi usmjereni su na razvijanje znanja, vje\u0161tina i stavova koji su potrebni liderima da ispune svoje vrijednosti i vizije. Tijekom godina obu\u010dili smo tisu\u0107e u\u010ditelja i nastavnika za vodstvo kroz stru\u010dne te\u010dajeve, posjete \u0161kolama i biv\u0161e studente koji rade u obrazovnom sektoru.<\/p>\n<\/div><\/div>\n\n<div class=\"wp-block-media-text alignwide is-stacked-on-mobile home_pillar\"><figure class=\"wp-block-media-text__media\"><img loading=\"lazy\" decoding=\"async\" width=\"1200\" height=\"546\" src=\"http:\/\/www.test.banglearningframework.eu\/wp-content\/uploads\/TBI_School.jpg\" alt=\"\" class=\"wp-image-1138 size-full\" srcset=\"https:\/\/www.test.banglearningframework.eu\/wp-content\/uploads\/TBI_School.jpg 1200w, https:\/\/www.test.banglearningframework.eu\/wp-content\/uploads\/TBI_School-737x335.jpg 737w, https:\/\/www.test.banglearningframework.eu\/wp-content\/uploads\/TBI_School-768x349.jpg 768w\" sizes=\"auto, (max-width: 1200px) 100vw, 1200px\" \/><\/figure><div class=\"wp-block-media-text__content\">\n<figure class=\"wp-block-image size-full\"><img loading=\"lazy\" decoding=\"async\" width=\"70\" height=\"70\" src=\"https:\/\/www.test.banglearningframework.eu\/wp-content\/uploads\/tbi_logo_70.png\" alt=\"\" class=\"wp-image-1143\"\/><\/figure>\n\n\n\n<h3 class=\"wp-block-heading\">Velika ideja, Irska<\/h3>\n\n\n\n<p><strong>The Big Idea<\/strong> je tvrtka za profit za svrhu usmjerena na inspiriranje i osna\u017eivanje studenata da se bave dru\u0161tvenim problemima kroz kriti\u010dko razmi\u0161ljanje i kreativno rje\u0161avanje problema.<\/p>\n\n\n\n<p class=\"has-small-font-size\">The Big Idea ima stru\u010dnost u razli\u010ditim relevantnim podru\u010djima, uklju\u010duju\u0107i dizajnersko razmi\u0161ljanje, poduzetni\u0161tvo, brendiranje i obrazovanje. The Big Idea\u2019s mission is to democratise creative thinking for young people to empower them to create innovative solutions to the world\u2019s biggest problems. The organisation operates nationally, with a focus on inclusion and providing free access to creative education for students, teachers, and schools. The Big Idea aims to create an equitable and diverse program that positively impacts students, teachers and communities.<\/p>\n<\/div><\/div>\n\n<div class=\"wp-block-media-text alignwide is-stacked-on-mobile home_pillar\"><figure class=\"wp-block-media-text__media\"><img loading=\"lazy\" decoding=\"async\" width=\"1200\" height=\"628\" src=\"http:\/\/www.test.banglearningframework.eu\/wp-content\/uploads\/polimi.jpg\" alt=\"\" class=\"wp-image-1174 size-full\" srcset=\"https:\/\/www.test.banglearningframework.eu\/wp-content\/uploads\/polimi.jpg 1200w, https:\/\/www.test.banglearningframework.eu\/wp-content\/uploads\/polimi-737x386.jpg 737w, https:\/\/www.test.banglearningframework.eu\/wp-content\/uploads\/polimi-768x402.jpg 768w\" sizes=\"auto, (max-width: 1200px) 100vw, 1200px\" \/><\/figure><div class=\"wp-block-media-text__content\">\n<figure class=\"wp-block-image size-full\"><img loading=\"lazy\" decoding=\"async\" width=\"92\" height=\"70\" src=\"https:\/\/www.test.banglearningframework.eu\/wp-content\/uploads\/polimi_logo-1.jpg\" alt=\"\" class=\"wp-image-1169\"\/><\/figure>\n\n\n\n<h3 class=\"wp-block-heading\">POLIMI (Politecnico di Milano), Italy<\/h3>\n\n\n\n<p><strong>POLIMI <\/strong>is a university renowned for its excellence in architecture, design, and engineering. It ranks 16th globally and 6th in Europe for engineering and technical universities.<\/p>\n\n\n\n<p class=\"has-small-font-size\">With campuses in Milan and premises across Lombardy, the university offers innovative programs at all levels, attracting a diverse community of students from over 100 countries. Politecnico di Milano emphasises the integration of teaching and research, conducting strategic research in various fields. The university boasts state-of-the-art facilities, including laboratories for wind tunnel testing, crash tests, micro and nano production, and new design processes.<\/p>\n<\/div><\/div>\n\n<div class=\"wp-block-media-text alignwide is-stacked-on-mobile home_pillar\"><figure class=\"wp-block-media-text__media\"><img loading=\"lazy\" decoding=\"async\" width=\"576\" height=\"366\" src=\"http:\/\/www.test.banglearningframework.eu\/wp-content\/uploads\/croatia.jpg\" alt=\"\" class=\"wp-image-1157 size-full\"\/><\/figure><div class=\"wp-block-media-text__content\">\n<figure class=\"wp-block-image size-full\"><img loading=\"lazy\" decoding=\"async\" width=\"176\" height=\"70\" src=\"https:\/\/www.test.banglearningframework.eu\/wp-content\/uploads\/croatia_logo_small.png\" alt=\"\" class=\"wp-image-1151\"\/><\/figure>\n\n\n\n<h3 class=\"wp-block-heading\">Secondary School of Agriculture and Forestry of Vikovci, Croatia<\/h3>\n\n\n\n<p>The <strong>Secondary School of Agriculture and Forestry of Vikovci, <\/strong>founded in 1946, is located in the town of Vinkovci, Croatia. The institution offers specialised education tailored to the agricultural and forestry sectors.<\/p>\n\n\n\n<p class=\"has-small-font-size\">Students benefit from a range of training fields, including plant production, farming, cattle breeding, fruit and wine growing, floriculture, gardening, forestry, and agriculture machinery. The school&#8217;s commitment to ecological production and sustainable energy sources has earned it the status of an eco-school.<\/p>\n\n\n\n<p class=\"has-small-font-size\">The Secondary School of Agriculture and Forestry Vinkovci actively engages in projects aimed at implementing new curricula, improving infrastructure (such as irrigation systems), and fostering entrepreneurship in agriculture.<\/p>\n<\/div><\/div>\n\n<div class=\"wp-block-media-text alignwide is-stacked-on-mobile home_pillar\"><figure class=\"wp-block-media-text__media\"><img loading=\"lazy\" decoding=\"async\" width=\"560\" height=\"253\" src=\"http:\/\/www.test.banglearningframework.eu\/wp-content\/uploads\/agrinio.jpg\" alt=\"\" class=\"wp-image-1126 size-full\"\/><\/figure><div class=\"wp-block-media-text__content\">\n<figure class=\"wp-block-image size-full\"><img loading=\"lazy\" decoding=\"async\" width=\"82\" height=\"70\" src=\"https:\/\/www.test.banglearningframework.eu\/wp-content\/uploads\/agrinio_logo.png\" alt=\"\" class=\"wp-image-1131\"\/><\/figure>\n\n\n\n<h3 class=\"wp-block-heading\">5th Senior High School of Agrinio, Greece<\/h3>\n\n\n\n<p>The <strong>5th Senior High School of Agrinio <\/strong>is a public, vibrant educational institution that emphasises academic excellence, technological proficiency, cultural awareness, and environmental consciousness, providing a well-rounded education for its students.<\/p>\n\n\n\n<p class=\"has-small-font-size\">With a strong focus on technology, the school has actively participated in technology projects related to educational robotics and programming. It collaborates with the Hellenic Open University and offers programming classes and courses on microcontrollers like Arduino. The school actively participates in Comenius and Erasmus+ projects, as well as other cultural and environmental educational initiatives.<\/p>\n<\/div><\/div>\n","protected":false},"excerpt":{"rendered":"<p>Upoznajte BANG! tim Kao tim koji stoji iza razvoja ovog projekta, osje\u0107amo se nevjerojatno sretnim \u0161to smo imali priliku osloniti se na na\u0161e razli\u010dite perspektive i pozadinu \u0161to je na kraju donijelo vrlo inovativno razmi\u0161ljanje i sveobuhvatno razumijevanje izazova i prilika u obrazovanju i razvoju mladih &#8211; i kako donijeti promjenu koju \u017eelimo vidjeti u [&hellip;]<\/p>\n","protected":false},"author":3,"featured_media":0,"parent":0,"menu_order":0,"comment_status":"closed","ping_status":"closed","template":"","meta":{"footnotes":""},"class_list":["post-1415","page","type-page","status-publish","hentry"],"_links":{"self":[{"href":"https:\/\/www.test.banglearningframework.eu\/hr\/wp-json\/wp\/v2\/pages\/1415","targetHints":{"allow":["GET"]}}],"collection":[{"href":"https:\/\/www.test.banglearningframework.eu\/hr\/wp-json\/wp\/v2\/pages"}],"about":[{"href":"https:\/\/www.test.banglearningframework.eu\/hr\/wp-json\/wp\/v2\/types\/page"}],"author":[{"embeddable":true,"href":"https:\/\/www.test.banglearningframework.eu\/hr\/wp-json\/wp\/v2\/users\/3"}],"replies":[{"embeddable":true,"href":"https:\/\/www.test.banglearningframework.eu\/hr\/wp-json\/wp\/v2\/comments?post=1415"}],"version-history":[{"count":8,"href":"https:\/\/www.test.banglearningframework.eu\/hr\/wp-json\/wp\/v2\/pages\/1415\/revisions"}],"predecessor-version":[{"id":1677,"href":"https:\/\/www.test.banglearningframework.eu\/hr\/wp-json\/wp\/v2\/pages\/1415\/revisions\/1677"}],"wp:attachment":[{"href":"https:\/\/www.test.banglearningframework.eu\/hr\/wp-json\/wp\/v2\/media?parent=1415"}],"curies":[{"name":"wp","href":"https:\/\/api.w.org\/{rel}","templated":true}]}}