{"id":1397,"date":"2023-07-10T10:08:55","date_gmt":"2023-07-10T10:08:55","guid":{"rendered":"https:\/\/www.test.banglearningframework.eu\/politika-kolacica\/"},"modified":"2023-07-28T13:30:19","modified_gmt":"2023-07-28T13:30:19","slug":"politika-kolacica","status":"publish","type":"page","link":"https:\/\/www.test.banglearningframework.eu\/hr\/politika-kolacica\/","title":{"rendered":"Politika kola\u010di\u0107a"},"content":{"rendered":"\n<h3 class=\"wp-block-heading\">Politika kola\u010di\u0107a na BANG! Learning Framework (&#8220;BANG! Learning Framework&#8221;) web stranica<\/h3>\n\n<p>Kako BANG! Platformom Learning Framework upravlja se u odnosu na kola\u010di\u0107e svojih korisnika: BANG! Okvir za u\u010denje nudi Politecnico di Milano (&#8220;Polimi&#8221;); ova web stranica koristi samo tehni\u010dke kola\u010di\u0107e kako bi osigurala nesmetan rad platforme.<\/p>\n\n<h4 class=\"wp-block-heading\">1. Svrhe kori\u0161tenja kola\u010di\u0107a<\/h4>\n\n<p>BANG! Learning Framework koristi kola\u010di\u0107e za analitiku i pobolj\u0161anje va\u0161eg korisni\u010dkog iskustva, olak\u0161avaju\u0107i navigaciju svojim uslugama i osiguravaju\u0107i da BANG! Learning Framework radi ispravno za vas.<\/p>\n\n<h4 class=\"wp-block-heading\">2. Kori\u0161teni kola\u010di\u0107i<\/h4>\n\n<p>BANG! Learning Framework koristi dvije vrste tehni\u010dkih kola\u010di\u0107a: kola\u010di\u0107e sesije za autentifikaciju (podru\u010dje administracije stranice) i kola\u010di\u0107e za postavljanje jezika sadr\u017eaja.<\/p>\n\n<h4 class=\"wp-block-heading\">3. Web stranice i usluge tre\u0107ih strana<\/h4>\n\n<p>BANG! Learning Framework mo\u017ee sadr\u017eavati veze na vanjske stranice koje imaju vlastita pravila privatnosti. Polimi nije odgovoran za obradu podataka koju provode ove stranice.<\/p>\n\n<h4 class=\"wp-block-heading\">4. Kako onemogu\u0107iti kola\u010di\u0107e<\/h4>\n\n<h5 class=\"wp-block-heading\">4.1 Onemogu\u0107avanje svih kola\u010di\u0107a<\/h5>\n\n<p>Mo\u017eete, ako \u017eelite, uskratiti privolu za postavljanje kola\u010di\u0107a pomo\u0107u alata za pode\u0161avanje upravljanja kola\u010di\u0107ima u va\u0161em pregledniku. Ako radije ne \u017eelite omogu\u0107iti kola\u010di\u0107e, i dalje \u0107ete mo\u0107i navigirati BANG! Okvir u\u010denja.<\/p>\n\n<p>Donje poveznice pru\u017eaju upute o tome kako onemogu\u0107iti kola\u010di\u0107e u svim glavnim preglednicima (u slu\u010daju drugih preglednika pogledajte odgovaraju\u0107i izbornik za pomo\u0107).<\/p>\n\n<p><a href=\"https:\/\/support.microsoft.com\/en-us\/microsoft-edge\/delete-cookies-in-microsoft-edge-63947406-40ac-c3b8-57b9-2a946a29ae09\">MS Edge<\/a><\/p>\n\n<p><a href=\"https:\/\/support.microsoft.com\/en-us\/topic\/delete-and-manage-cookies-168dab11-0753-043d-7c16-ede5947fc64d\">Internet Explorer<\/a><\/p>\n\n<p><a href=\"https:\/\/support.google.com\/chrome\/answer\/95647?hl=en\">Google Chrome<\/a><\/p>\n\n<p><a href=\"https:\/\/support.mozilla.org\/en-US\/kb\/disable-third-party-cookies\">Mozilla Firefox<\/a><\/p>\n\n<p><a href=\"http:\/\/help.opera.com\/Windows\/10.00\/it\/cookies.html\">Opera<\/a><\/p>\n\n<p><a href=\"http:\/\/www.apple.com\/it\/privacy\/use-of-cookies\/\">Apple Safari<\/a><\/p>\n\n<h5 class=\"wp-block-heading\">4.2 Brisanje kola\u010di\u0107a koji su ve\u0107 spremljeni na va\u0161em ure\u0111aju<\/h5>\n\n<p>Even if you withdraw your consent to cookies, cookies may have been stored on your device prior to your withdrawal. Zbog tehni\u010dkih razloga ovi se kola\u010di\u0107i ne mogu izbrisati, ali uobi\u010dajeno mo\u017eete izbrisati kola\u010di\u0107e koji su ve\u0107 spremljeni na va\u0161em ure\u0111aju pomo\u0107u opcije &#8220;Izbri\u0161i podatke o pregledavanju&#8221; u postavkama privatnosti va\u0161eg preglednika.<\/p>\n","protected":false},"excerpt":{"rendered":"<p>Politika kola\u010di\u0107a na BANG! Learning Framework (&#8220;BANG! Learning Framework&#8221;) web stranica Kako BANG! Platformom Learning Framework upravlja se u odnosu na kola\u010di\u0107e svojih korisnika: BANG! Okvir za u\u010denje nudi Politecnico di Milano (&#8220;Polimi&#8221;); ova web stranica koristi samo tehni\u010dke kola\u010di\u0107e kako bi osigurala nesmetan rad platforme. 1. Svrhe kori\u0161tenja kola\u010di\u0107a BANG! Learning Framework koristi kola\u010di\u0107e [&hellip;]<\/p>\n","protected":false},"author":3,"featured_media":0,"parent":0,"menu_order":0,"comment_status":"closed","ping_status":"closed","template":"","meta":{"footnotes":""},"class_list":["post-1397","page","type-page","status-publish","hentry"],"_links":{"self":[{"href":"https:\/\/www.test.banglearningframework.eu\/hr\/wp-json\/wp\/v2\/pages\/1397","targetHints":{"allow":["GET"]}}],"collection":[{"href":"https:\/\/www.test.banglearningframework.eu\/hr\/wp-json\/wp\/v2\/pages"}],"about":[{"href":"https:\/\/www.test.banglearningframework.eu\/hr\/wp-json\/wp\/v2\/types\/page"}],"author":[{"embeddable":true,"href":"https:\/\/www.test.banglearningframework.eu\/hr\/wp-json\/wp\/v2\/users\/3"}],"replies":[{"embeddable":true,"href":"https:\/\/www.test.banglearningframework.eu\/hr\/wp-json\/wp\/v2\/comments?post=1397"}],"version-history":[{"count":3,"href":"https:\/\/www.test.banglearningframework.eu\/hr\/wp-json\/wp\/v2\/pages\/1397\/revisions"}],"predecessor-version":[{"id":1400,"href":"https:\/\/www.test.banglearningframework.eu\/hr\/wp-json\/wp\/v2\/pages\/1397\/revisions\/1400"}],"wp:attachment":[{"href":"https:\/\/www.test.banglearningframework.eu\/hr\/wp-json\/wp\/v2\/media?parent=1397"}],"curies":[{"name":"wp","href":"https:\/\/api.w.org\/{rel}","templated":true}]}}