{"id":1338,"date":"2023-02-03T12:22:03","date_gmt":"2023-02-03T12:22:03","guid":{"rendered":"https:\/\/www.test.banglearningframework.eu\/pocetna-stranica\/"},"modified":"2023-07-28T15:18:42","modified_gmt":"2023-07-28T15:18:42","slug":"pocetna-stranica","status":"publish","type":"page","link":"https:\/\/www.test.banglearningframework.eu\/hr\/","title":{"rendered":"Po\u010detna stranica"},"content":{"rendered":"\n<div class=\"wp-block-media-text alignwide has-media-on-the-right is-stacked-on-mobile hero\"><div class=\"wp-block-media-text__content\"><p class=\"wp-block-site-tagline\">Okvir u\u010denja i skup alata za aktivnosti tvrtke BANG! europski projekt<\/p>\n\n\n<h1 class=\"wp-block-heading\">Bridging All<br\/>Next Generations<\/h1>\n\n\n\n<div class=\"wp-block-buttons is-layout-flex wp-block-buttons-is-layout-flex\">\n<div class=\"wp-block-button sellotape\"><a class=\"wp-block-button__link wp-element-button\" href=\"\/hr\/activity\">Pregledajte aktivnost<\/a><\/div>\n\n\n\n<div class=\"wp-block-button is-style-fill\"><a class=\"wp-block-button__link wp-element-button\" href=\"#home-more\">Otkrij vi\u0161e \u2193<\/a><\/div>\n<\/div>\n\n\n\n<div class=\"wp-block-buttons is-layout-flex wp-block-buttons-is-layout-flex\"><\/div>\n<\/div><figure class=\"wp-block-media-text__media\"><img loading=\"lazy\" decoding=\"async\" width=\"659\" height=\"616\" src=\"https:\/\/www.test.banglearningframework.eu\/wp-content\/uploads\/Raggruppa-42.png\" alt=\"\" class=\"wp-image-124 size-full\" srcset=\"https:\/\/www.test.banglearningframework.eu\/wp-content\/uploads\/Raggruppa-42.png 659w, https:\/\/www.test.banglearningframework.eu\/wp-content\/uploads\/Raggruppa-42-428x400.png 428w\" sizes=\"auto, (max-width: 659px) 100vw, 659px\" \/><\/figure><\/div>\n\n<hr class=\"wp-block-separator has-text-color has-alpha-channel-opacity has-background is-style-default\" style=\"background-color:#2b3463;color:#2b3463\" id=\"home-more\"\/>\n\n<h2 class=\"wp-block-heading\">Na\u0161a Misija<\/h2>\n\n<p>Osna\u017eite edukatore i u\u010denike pru\u017eanjem kreativnog materijala i alata usmjerenih na razvoj njihove kreativnosti, zajedni\u010dkog stvaranja i dobrobiti.<\/p>\n\n<div class=\"wp-block-media-text alignwide is-stacked-on-mobile home_pillar\"><figure class=\"wp-block-media-text__media\"><img loading=\"lazy\" decoding=\"async\" width=\"1000\" height=\"667\" src=\"https:\/\/www.test.banglearningframework.eu\/wp-content\/uploads\/shutterstock_1865153398.jpg\" alt=\"\" class=\"wp-image-128 size-full\" srcset=\"https:\/\/www.test.banglearningframework.eu\/wp-content\/uploads\/shutterstock_1865153398.jpg 1000w, https:\/\/www.test.banglearningframework.eu\/wp-content\/uploads\/shutterstock_1865153398-600x400.jpg 600w, https:\/\/www.test.banglearningframework.eu\/wp-content\/uploads\/shutterstock_1865153398-768x512.jpg 768w\" sizes=\"auto, (max-width: 1000px) 100vw, 1000px\" \/><\/figure><div class=\"wp-block-media-text__content\">\n<h3 class=\"wp-block-heading\">Kreativnost<\/h3>\n\n\n\n<blockquote class=\"wp-block-quote is-layout-flow wp-block-quote-is-layout-flow\">\n<p>Njegovanje kreativnog na\u010dina razmi\u0161ljanja va\u017eno je u dana\u0161njem svijetu koji se brzo mijenja.<\/p>\n<\/blockquote>\n\n\n\n<p>Nude\u0107i inovativne resurse i smjernice, cilj nam je pru\u017eiti vam alate i aktivnosti koji \u0107e vam pomo\u0107i da nadahnete svoje u\u010denike da razmi\u0161ljaju izvan okvira, istra\u017euju nove ideje i razvijaju svoje jedinstvene kreativne sposobnosti.<\/p>\n<\/div><\/div>\n\n<div class=\"wp-block-media-text alignwide is-stacked-on-mobile home_pillar\"><figure class=\"wp-block-media-text__media\"><img loading=\"lazy\" decoding=\"async\" width=\"1000\" height=\"667\" src=\"https:\/\/www.test.banglearningframework.eu\/wp-content\/uploads\/shutterstock_665243878.jpg\" alt=\"\" class=\"wp-image-131 size-full\" srcset=\"https:\/\/www.test.banglearningframework.eu\/wp-content\/uploads\/shutterstock_665243878.jpg 1000w, https:\/\/www.test.banglearningframework.eu\/wp-content\/uploads\/shutterstock_665243878-600x400.jpg 600w, https:\/\/www.test.banglearningframework.eu\/wp-content\/uploads\/shutterstock_665243878-768x512.jpg 768w\" sizes=\"auto, (max-width: 1000px) 100vw, 1000px\" \/><\/figure><div class=\"wp-block-media-text__content\">\n<h3 class=\"wp-block-heading\">Zajedni\u010dko stvaranje<\/h3>\n\n\n\n<blockquote class=\"wp-block-quote is-layout-flow wp-block-quote-is-layout-flow\">\n<p>Kreativnost ne postoji u izolaciji.<\/p>\n<\/blockquote>\n\n\n\n<p>Velik dio na\u0161ih aktivnosti usmjeren je na zajedni\u010dko stvaranje, snagu suradnje i timskog rada. Kroz na\u0161e materijale i aktivnosti, poti\u010demo vas da radite zajedno sa svojim u\u010denicima i poma\u017eete im da bolje sura\u0111uju jedni s drugima kako bi razmjenjivali ideje i zajedni\u010dki stvarali rje\u0161enja koja imaju pozitivan u\u010dinak na njih pojedina\u010dno, njihov razred, a potencijalno i njihovu lokalnu zajednicu dru\u0161tvo. <\/p>\n<\/div><\/div>\n\n<div class=\"wp-block-media-text alignwide is-stacked-on-mobile home_pillar\"><figure class=\"wp-block-media-text__media\"><img loading=\"lazy\" decoding=\"async\" width=\"1000\" height=\"667\" src=\"https:\/\/www.test.banglearningframework.eu\/wp-content\/uploads\/shutterstock_749518390.jpg\" alt=\"\" class=\"wp-image-132 size-full\" srcset=\"https:\/\/www.test.banglearningframework.eu\/wp-content\/uploads\/shutterstock_749518390.jpg 1000w, https:\/\/www.test.banglearningframework.eu\/wp-content\/uploads\/shutterstock_749518390-600x400.jpg 600w, https:\/\/www.test.banglearningframework.eu\/wp-content\/uploads\/shutterstock_749518390-768x512.jpg 768w\" sizes=\"auto, (max-width: 1000px) 100vw, 1000px\" \/><\/figure><div class=\"wp-block-media-text__content\">\n<h3 class=\"wp-block-heading\">Blagostanje<\/h3>\n\n\n\n<blockquote class=\"wp-block-quote is-layout-flow wp-block-quote-is-layout-flow\">\n<p>Pravi uspjeh nadilazi akademska postignu\u0107a.<\/p>\n<\/blockquote>\n\n\n\n<p>Na\u0161i su resursi osmi\u0161ljeni kako bi pomogli va\u0161im u\u010denicima da razviju prakse koje promi\u010du njihovu mentalnu, emocionalnu i fizi\u010dku dobrobit, osiguravaju\u0107i uravnote\u017eeno i pozitivno iskustvo u\u010denja.<\/p>\n<\/div><\/div>\n","protected":false},"excerpt":{"rendered":"<p>Na\u0161a Misija Osna\u017eite edukatore i u\u010denike pru\u017eanjem kreativnog materijala i alata usmjerenih na razvoj njihove kreativnosti, zajedni\u010dkog stvaranja i dobrobiti.<\/p>\n","protected":false},"author":3,"featured_media":0,"parent":0,"menu_order":0,"comment_status":"closed","ping_status":"closed","template":"","meta":{"footnotes":""},"class_list":["post-1338","page","type-page","status-publish","hentry"],"_links":{"self":[{"href":"https:\/\/www.test.banglearningframework.eu\/hr\/wp-json\/wp\/v2\/pages\/1338","targetHints":{"allow":["GET"]}}],"collection":[{"href":"https:\/\/www.test.banglearningframework.eu\/hr\/wp-json\/wp\/v2\/pages"}],"about":[{"href":"https:\/\/www.test.banglearningframework.eu\/hr\/wp-json\/wp\/v2\/types\/page"}],"author":[{"embeddable":true,"href":"https:\/\/www.test.banglearningframework.eu\/hr\/wp-json\/wp\/v2\/users\/3"}],"replies":[{"embeddable":true,"href":"https:\/\/www.test.banglearningframework.eu\/hr\/wp-json\/wp\/v2\/comments?post=1338"}],"version-history":[{"count":3,"href":"https:\/\/www.test.banglearningframework.eu\/hr\/wp-json\/wp\/v2\/pages\/1338\/revisions"}],"predecessor-version":[{"id":1460,"href":"https:\/\/www.test.banglearningframework.eu\/hr\/wp-json\/wp\/v2\/pages\/1338\/revisions\/1460"}],"wp:attachment":[{"href":"https:\/\/www.test.banglearningframework.eu\/hr\/wp-json\/wp\/v2\/media?parent=1338"}],"curies":[{"name":"wp","href":"https:\/\/api.w.org\/{rel}","templated":true}]}}