{"id":1411,"date":"2023-07-05T15:23:41","date_gmt":"2023-07-05T15:23:41","guid":{"rendered":"https:\/\/www.test.banglearningframework.eu\/hvem-vi-er\/"},"modified":"2023-08-28T08:04:50","modified_gmt":"2023-08-28T08:04:50","slug":"hvem-vi-er","status":"publish","type":"page","link":"https:\/\/www.test.banglearningframework.eu\/da\/hvem-vi-er\/","title":{"rendered":"Hvem vi er"},"content":{"rendered":"\n<h2 class=\"wp-block-heading\">M\u00f8d BANG! hold<\/h2>\n\n<p>Som teamet bag udviklingen af \u200b\u200bdette projekt f\u00f8ler vi os utrolig heldige at have haft muligheden for at tr\u00e6kke p\u00e5 vores forskellige perspektiver og baggrunde, hvilket i sidste ende har bragt meget innovativ t\u00e6nkning og en omfattende forst\u00e5else af udfordringerne og mulighederne i uddannelse og ungdomsudvikling &#8211; og hvordan at skabe den forandring, vi \u00f8nsker at se p\u00e5 uddannelsesomr\u00e5det.<\/p>\n\n<div class=\"wp-block-media-text alignwide is-stacked-on-mobile home_pillar\"><figure class=\"wp-block-media-text__media\"><img loading=\"lazy\" decoding=\"async\" width=\"1920\" height=\"958\" src=\"https:\/\/www.test.banglearningframework.eu\/wp-content\/uploads\/Kaospilot_Activities-1920x958.jpeg\" alt=\"\" class=\"wp-image-1668 size-full\" srcset=\"https:\/\/www.test.banglearningframework.eu\/wp-content\/uploads\/Kaospilot_Activities-1920x958.jpeg 1920w, https:\/\/www.test.banglearningframework.eu\/wp-content\/uploads\/Kaospilot_Activities-737x368.jpeg 737w, https:\/\/www.test.banglearningframework.eu\/wp-content\/uploads\/Kaospilot_Activities-768x383.jpeg 768w, https:\/\/www.test.banglearningframework.eu\/wp-content\/uploads\/Kaospilot_Activities-1536x766.jpeg 1536w, https:\/\/www.test.banglearningframework.eu\/wp-content\/uploads\/Kaospilot_Activities-2048x1021.jpeg 2048w\" sizes=\"auto, (max-width: 1920px) 100vw, 1920px\" \/><\/figure><div class=\"wp-block-media-text__content\">\n<figure class=\"wp-block-image size-full is-resized\"><img loading=\"lazy\" decoding=\"async\" src=\"https:\/\/www.test.banglearningframework.eu\/wp-content\/uploads\/Kaospilot_Logo.png\" alt=\"\" class=\"wp-image-1613\" style=\"width:126px;height:23px\" width=\"126\" height=\"23\"\/><\/figure>\n\n\n\n<h3 class=\"wp-block-heading\">KAOSPILOT, Danmark<\/h3>\n\n\n\n<p><strong>KAOSPILOT<\/strong> er en ber\u00f8mt skole for kreativt lederskab og meningsfuldt entrepren\u00f8rskab, der udstyrer nye ledere med f\u00e6rdigheder og mindset til at drive effektfuld forandring.<\/p>\n\n\n\n<p class=\"has-small-font-size\">Siden 1991 har vi bemyndiget enkeltpersoner til at navigere i usikkerhed, udnytte deres kreativitet og forme fremtiden. Vores programmer fokuserer p\u00e5 at udvikle den viden, de f\u00e6rdigheder og de holdninger, der er n\u00f8dvendige for, at ledere kan opfylde deres v\u00e6rdier og visioner. Gennem \u00e5rene har vi uddannet tusindvis af l\u00e6rere og p\u00e6dagoger i ledelse gennem faglige kurser, skolebes\u00f8g og alumner, der arbejder i uddannelsessektoren.<\/p>\n<\/div><\/div>\n\n<div class=\"wp-block-media-text alignwide is-stacked-on-mobile home_pillar\"><figure class=\"wp-block-media-text__media\"><img loading=\"lazy\" decoding=\"async\" width=\"1200\" height=\"546\" src=\"http:\/\/www.test.banglearningframework.eu\/wp-content\/uploads\/TBI_School.jpg\" alt=\"\" class=\"wp-image-1138 size-full\" srcset=\"https:\/\/www.test.banglearningframework.eu\/wp-content\/uploads\/TBI_School.jpg 1200w, https:\/\/www.test.banglearningframework.eu\/wp-content\/uploads\/TBI_School-737x335.jpg 737w, https:\/\/www.test.banglearningframework.eu\/wp-content\/uploads\/TBI_School-768x349.jpg 768w\" sizes=\"auto, (max-width: 1200px) 100vw, 1200px\" \/><\/figure><div class=\"wp-block-media-text__content\">\n<figure class=\"wp-block-image size-full\"><img loading=\"lazy\" decoding=\"async\" width=\"70\" height=\"70\" src=\"https:\/\/www.test.banglearningframework.eu\/wp-content\/uploads\/tbi_logo_70.png\" alt=\"\" class=\"wp-image-1143\"\/><\/figure>\n\n\n\n<h3 class=\"wp-block-heading\">Den store id\u00e9, Irland<\/h3>\n\n\n\n<p><strong>The Big Idea<\/strong> er en profit for purpose-virksomhed med fokus p\u00e5 at inspirere og styrke eleverne til at tage fat p\u00e5 sociale problemer gennem kritisk t\u00e6nkning og kreativ probleml\u00f8sning.<\/p>\n\n\n\n<p class=\"has-small-font-size\">The Big Idea har ekspertise inden for forskellige relevante omr\u00e5der, herunder designt\u00e6nkning, iv\u00e6rks\u00e6tteri, branding og uddannelse. The Big Idea\u2019s mission is to democratise creative thinking for young people to empower them to create innovative solutions to the world\u2019s biggest problems. The organisation operates nationally, with a focus on inclusion and providing free access to creative education for students, teachers, and schools. The Big Idea aims to create an equitable and diverse program that positively impacts students, teachers and communities.<\/p>\n<\/div><\/div>\n\n<div class=\"wp-block-media-text alignwide is-stacked-on-mobile home_pillar\"><figure class=\"wp-block-media-text__media\"><img loading=\"lazy\" decoding=\"async\" width=\"1200\" height=\"628\" src=\"http:\/\/www.test.banglearningframework.eu\/wp-content\/uploads\/polimi.jpg\" alt=\"\" class=\"wp-image-1174 size-full\" srcset=\"https:\/\/www.test.banglearningframework.eu\/wp-content\/uploads\/polimi.jpg 1200w, https:\/\/www.test.banglearningframework.eu\/wp-content\/uploads\/polimi-737x386.jpg 737w, https:\/\/www.test.banglearningframework.eu\/wp-content\/uploads\/polimi-768x402.jpg 768w\" sizes=\"auto, (max-width: 1200px) 100vw, 1200px\" \/><\/figure><div class=\"wp-block-media-text__content\">\n<figure class=\"wp-block-image size-full\"><img loading=\"lazy\" decoding=\"async\" width=\"92\" height=\"70\" src=\"https:\/\/www.test.banglearningframework.eu\/wp-content\/uploads\/polimi_logo-1.jpg\" alt=\"\" class=\"wp-image-1169\"\/><\/figure>\n\n\n\n<h3 class=\"wp-block-heading\">POLIMI (Politecnico di Milano), Italy<\/h3>\n\n\n\n<p><strong>POLIMI <\/strong>is a university renowned for its excellence in architecture, design, and engineering. It ranks 16th globally and 6th in Europe for engineering and technical universities.<\/p>\n\n\n\n<p class=\"has-small-font-size\">With campuses in Milan and premises across Lombardy, the university offers innovative programs at all levels, attracting a diverse community of students from over 100 countries. Politecnico di Milano emphasises the integration of teaching and research, conducting strategic research in various fields. The university boasts state-of-the-art facilities, including laboratories for wind tunnel testing, crash tests, micro and nano production, and new design processes.<\/p>\n<\/div><\/div>\n\n<div class=\"wp-block-media-text alignwide is-stacked-on-mobile home_pillar\"><figure class=\"wp-block-media-text__media\"><img loading=\"lazy\" decoding=\"async\" width=\"576\" height=\"366\" src=\"http:\/\/www.test.banglearningframework.eu\/wp-content\/uploads\/croatia.jpg\" alt=\"\" class=\"wp-image-1157 size-full\"\/><\/figure><div class=\"wp-block-media-text__content\">\n<figure class=\"wp-block-image size-full\"><img loading=\"lazy\" decoding=\"async\" width=\"176\" height=\"70\" src=\"https:\/\/www.test.banglearningframework.eu\/wp-content\/uploads\/croatia_logo_small.png\" alt=\"\" class=\"wp-image-1151\"\/><\/figure>\n\n\n\n<h3 class=\"wp-block-heading\">Secondary School of Agriculture and Forestry of Vikovci, Croatia<\/h3>\n\n\n\n<p>The <strong>Secondary School of Agriculture and Forestry of Vikovci, <\/strong>founded in 1946, is located in the town of Vinkovci, Croatia. The institution offers specialised education tailored to the agricultural and forestry sectors.<\/p>\n\n\n\n<p class=\"has-small-font-size\">Students benefit from a range of training fields, including plant production, farming, cattle breeding, fruit and wine growing, floriculture, gardening, forestry, and agriculture machinery. The school&#8217;s commitment to ecological production and sustainable energy sources has earned it the status of an eco-school.<\/p>\n\n\n\n<p class=\"has-small-font-size\">The Secondary School of Agriculture and Forestry Vinkovci actively engages in projects aimed at implementing new curricula, improving infrastructure (such as irrigation systems), and fostering entrepreneurship in agriculture.<\/p>\n<\/div><\/div>\n\n<div class=\"wp-block-media-text alignwide is-stacked-on-mobile home_pillar\"><figure class=\"wp-block-media-text__media\"><img loading=\"lazy\" decoding=\"async\" width=\"560\" height=\"253\" src=\"http:\/\/www.test.banglearningframework.eu\/wp-content\/uploads\/agrinio.jpg\" alt=\"\" class=\"wp-image-1126 size-full\"\/><\/figure><div class=\"wp-block-media-text__content\">\n<figure class=\"wp-block-image size-full\"><img loading=\"lazy\" decoding=\"async\" width=\"82\" height=\"70\" src=\"https:\/\/www.test.banglearningframework.eu\/wp-content\/uploads\/agrinio_logo.png\" alt=\"\" class=\"wp-image-1131\"\/><\/figure>\n\n\n\n<h3 class=\"wp-block-heading\">5th Senior High School of Agrinio, Greece<\/h3>\n\n\n\n<p>The <strong>5th Senior High School of Agrinio <\/strong>is a public, vibrant educational institution that emphasises academic excellence, technological proficiency, cultural awareness, and environmental consciousness, providing a well-rounded education for its students.<\/p>\n\n\n\n<p class=\"has-small-font-size\">With a strong focus on technology, the school has actively participated in technology projects related to educational robotics and programming. It collaborates with the Hellenic Open University and offers programming classes and courses on microcontrollers like Arduino. The school actively participates in Comenius and Erasmus+ projects, as well as other cultural and environmental educational initiatives.<\/p>\n<\/div><\/div>\n","protected":false},"excerpt":{"rendered":"<p>M\u00f8d BANG! hold Som teamet bag udviklingen af \u200b\u200bdette projekt f\u00f8ler vi os utrolig heldige at have haft muligheden for at tr\u00e6kke p\u00e5 vores forskellige perspektiver og baggrunde, hvilket i sidste ende har bragt meget innovativ t\u00e6nkning og en omfattende forst\u00e5else af udfordringerne og mulighederne i uddannelse og ungdomsudvikling &#8211; og hvordan at skabe den [&hellip;]<\/p>\n","protected":false},"author":3,"featured_media":0,"parent":0,"menu_order":0,"comment_status":"closed","ping_status":"closed","template":"","meta":{"footnotes":""},"class_list":["post-1411","page","type-page","status-publish","hentry"],"_links":{"self":[{"href":"https:\/\/www.test.banglearningframework.eu\/da\/wp-json\/wp\/v2\/pages\/1411","targetHints":{"allow":["GET"]}}],"collection":[{"href":"https:\/\/www.test.banglearningframework.eu\/da\/wp-json\/wp\/v2\/pages"}],"about":[{"href":"https:\/\/www.test.banglearningframework.eu\/da\/wp-json\/wp\/v2\/types\/page"}],"author":[{"embeddable":true,"href":"https:\/\/www.test.banglearningframework.eu\/da\/wp-json\/wp\/v2\/users\/3"}],"replies":[{"embeddable":true,"href":"https:\/\/www.test.banglearningframework.eu\/da\/wp-json\/wp\/v2\/comments?post=1411"}],"version-history":[{"count":8,"href":"https:\/\/www.test.banglearningframework.eu\/da\/wp-json\/wp\/v2\/pages\/1411\/revisions"}],"predecessor-version":[{"id":1676,"href":"https:\/\/www.test.banglearningframework.eu\/da\/wp-json\/wp\/v2\/pages\/1411\/revisions\/1676"}],"wp:attachment":[{"href":"https:\/\/www.test.banglearningframework.eu\/da\/wp-json\/wp\/v2\/media?parent=1411"}],"curies":[{"name":"wp","href":"https:\/\/api.w.org\/{rel}","templated":true}]}}