{"id":1395,"date":"2023-07-10T10:08:55","date_gmt":"2023-07-10T10:08:55","guid":{"rendered":"https:\/\/www.test.banglearningframework.eu\/cookiepolitik\/"},"modified":"2023-07-28T13:25:38","modified_gmt":"2023-07-28T13:25:38","slug":"cookiepolitik","status":"publish","type":"page","link":"https:\/\/www.test.banglearningframework.eu\/da\/cookiepolitik\/","title":{"rendered":"Cookiepolitik"},"content":{"rendered":"\n<h3 class=\"wp-block-heading\">Cookiepolitik p\u00e5 BANG! Learning Framework (&#8220;BANG! Learning Framework&#8221;) hjemmeside<\/h3>\n\n<p>Hvordan BANG! Learning Framework-platformen administreres i forhold til brugernes cookies: BANG! L\u00e6ringsramme tilbydes af Politecnico di Milano (&#8220;Polimi&#8221;); denne hjemmeside bruger kun tekniske cookies for at sikre, at platformen fungerer gnidningsl\u00f8st.<\/p>\n\n<h4 class=\"wp-block-heading\">1. Form\u00e5l med at bruge cookies<\/h4>\n\n<p>BANG! Learning Framework bruger cookies til analyser og til at forbedre din brugeroplevelse, hvilket g\u00f8r det nemmere at navigere i dets tjenester og sikrer, at BANG! L\u00e6ringsramme fungerer korrekt for dig.<\/p>\n\n<h4 class=\"wp-block-heading\">2. Brugte cookies<\/h4>\n\n<p>BANG! Learning Framework bruger to typer tekniske cookies: sessionscookies til autentificering (sideadministrationsomr\u00e5de) og cookies til indstilling af indholdssproget.<\/p>\n\n<h4 class=\"wp-block-heading\">3. Websites og tredjepartstjenester<\/h4>\n\n<p>BANG! Learning Framework kan indeholde links til eksterne websteder, der har deres egen privatlivspolitik. Polimi er ikke ansvarlig for behandlingen af \u200b\u200bdata udf\u00f8rt af disse websteder.<\/p>\n\n<h4 class=\"wp-block-heading\">4. S\u00e5dan deaktiverer du cookies<\/h4>\n\n<h5 class=\"wp-block-heading\">4.1 Deaktivering af alle cookies<\/h5>\n\n<p>Du kan, hvis du \u00f8nsker det, n\u00e6gte samtykke til placering af cookies ved at bruge indstillingsv\u00e6rkt\u00f8jerne til cookieh\u00e5ndtering i din browser. Hvis du foretr\u00e6kker ikke at aktivere cookies, vil du stadig v\u00e6re i stand til at navigere BANG! L\u00e6ringsramme.<\/p>\n\n<p>Linkene nedenfor giver instruktioner om, hvordan du deaktiverer cookies i alle almindelige browsere (i tilf\u00e6lde af andre browsere, se venligst den tilsvarende hj\u00e6lpemenu).<\/p>\n\n<p><a href=\"https:\/\/support.microsoft.com\/en-us\/microsoft-edge\/delete-cookies-in-microsoft-edge-63947406-40ac-c3b8-57b9-2a946a29ae09\">MS Edge<\/a><\/p>\n\n<p><a href=\"https:\/\/support.microsoft.com\/en-us\/topic\/delete-and-manage-cookies-168dab11-0753-043d-7c16-ede5947fc64d\">Internet Explorer<\/a><\/p>\n\n<p><a href=\"https:\/\/support.google.com\/chrome\/answer\/95647?hl=en\">Google Chrome<\/a><\/p>\n\n<p><a href=\"https:\/\/support.mozilla.org\/en-US\/kb\/disable-third-party-cookies\">Mozilla Firefox<\/a><\/p>\n\n<p><a href=\"http:\/\/help.opera.com\/Windows\/10.00\/it\/cookies.html\">Opera<\/a><\/p>\n\n<p><a href=\"http:\/\/www.apple.com\/it\/privacy\/use-of-cookies\/\">Apple Safari<\/a><\/p>\n\n<h5 class=\"wp-block-heading\">4.2 Sletning af cookies, der allerede er gemt p\u00e5 din enhed<\/h5>\n\n<p>Selvom du tr\u00e6kker dit samtykke til cookies tilbage, kan cookies v\u00e6re blevet gemt p\u00e5 din enhed f\u00f8r din tilbagetr\u00e6kning. P\u00e5 grund af tekniske \u00e5rsager kan disse cookies ikke slettes, men du kan normalt slette cookies, der allerede er gemt p\u00e5 din enhed, ved at bruge muligheden &#8220;Ryd browserdata&#8221; i din browsers privatlivsindstillinger.<\/p>\n","protected":false},"excerpt":{"rendered":"<p>Cookiepolitik p\u00e5 BANG! Learning Framework (&#8220;BANG! Learning Framework&#8221;) hjemmeside Hvordan BANG! Learning Framework-platformen administreres i forhold til brugernes cookies: BANG! L\u00e6ringsramme tilbydes af Politecnico di Milano (&#8220;Polimi&#8221;); denne hjemmeside bruger kun tekniske cookies for at sikre, at platformen fungerer gnidningsl\u00f8st. 1. Form\u00e5l med at bruge cookies BANG! Learning Framework bruger cookies til analyser og til [&hellip;]<\/p>\n","protected":false},"author":3,"featured_media":0,"parent":0,"menu_order":0,"comment_status":"closed","ping_status":"closed","template":"","meta":{"footnotes":""},"class_list":["post-1395","page","type-page","status-publish","hentry"],"_links":{"self":[{"href":"https:\/\/www.test.banglearningframework.eu\/da\/wp-json\/wp\/v2\/pages\/1395","targetHints":{"allow":["GET"]}}],"collection":[{"href":"https:\/\/www.test.banglearningframework.eu\/da\/wp-json\/wp\/v2\/pages"}],"about":[{"href":"https:\/\/www.test.banglearningframework.eu\/da\/wp-json\/wp\/v2\/types\/page"}],"author":[{"embeddable":true,"href":"https:\/\/www.test.banglearningframework.eu\/da\/wp-json\/wp\/v2\/users\/3"}],"replies":[{"embeddable":true,"href":"https:\/\/www.test.banglearningframework.eu\/da\/wp-json\/wp\/v2\/comments?post=1395"}],"version-history":[{"count":1,"href":"https:\/\/www.test.banglearningframework.eu\/da\/wp-json\/wp\/v2\/pages\/1395\/revisions"}],"predecessor-version":[{"id":1396,"href":"https:\/\/www.test.banglearningframework.eu\/da\/wp-json\/wp\/v2\/pages\/1395\/revisions\/1396"}],"wp:attachment":[{"href":"https:\/\/www.test.banglearningframework.eu\/da\/wp-json\/wp\/v2\/media?parent=1395"}],"curies":[{"name":"wp","href":"https:\/\/api.w.org\/{rel}","templated":true}]}}