{"id":1334,"date":"2023-02-03T12:22:03","date_gmt":"2023-02-03T12:22:03","guid":{"rendered":"https:\/\/www.test.banglearningframework.eu\/hjemmeside\/"},"modified":"2023-07-28T15:19:12","modified_gmt":"2023-07-28T15:19:12","slug":"hjemmeside","status":"publish","type":"page","link":"https:\/\/www.test.banglearningframework.eu\/da\/","title":{"rendered":"Hjemmeside"},"content":{"rendered":"\n<div class=\"wp-block-media-text alignwide has-media-on-the-right is-stacked-on-mobile hero\"><div class=\"wp-block-media-text__content\"><p class=\"wp-block-site-tagline\">L\u00e6ringsramme- og aktivitetsv\u00e6rkt\u00f8jss\u00e6ttet fra BANG! europ\u00e6isk projekt<\/p>\n\n\n<h1 class=\"wp-block-heading\">Bridging All<br\/>Next Generations<\/h1>\n\n\n\n<div class=\"wp-block-buttons is-layout-flex wp-block-buttons-is-layout-flex\">\n<div class=\"wp-block-button sellotape\"><a class=\"wp-block-button__link wp-element-button\" href=\"\/da\/activity\">Gennemse aktiviteten<\/a><\/div>\n\n\n\n<div class=\"wp-block-button is-style-fill\"><a class=\"wp-block-button__link wp-element-button\" href=\"#home-more\">Opdag mere \u2193<\/a><\/div>\n<\/div>\n\n\n\n<div class=\"wp-block-buttons is-layout-flex wp-block-buttons-is-layout-flex\"><\/div>\n<\/div><figure class=\"wp-block-media-text__media\"><img loading=\"lazy\" decoding=\"async\" width=\"659\" height=\"616\" src=\"https:\/\/www.test.banglearningframework.eu\/wp-content\/uploads\/Raggruppa-42.png\" alt=\"\" class=\"wp-image-124 size-full\" srcset=\"https:\/\/www.test.banglearningframework.eu\/wp-content\/uploads\/Raggruppa-42.png 659w, https:\/\/www.test.banglearningframework.eu\/wp-content\/uploads\/Raggruppa-42-428x400.png 428w\" sizes=\"auto, (max-width: 659px) 100vw, 659px\" \/><\/figure><\/div>\n\n<hr class=\"wp-block-separator has-text-color has-alpha-channel-opacity has-background is-style-default\" style=\"background-color:#2b3463;color:#2b3463\" id=\"home-more\"\/>\n\n<h2 class=\"wp-block-heading\">Vores Mission<\/h2>\n\n<p>Styrk undervisere og elever ved at levere kreativt materiale og v\u00e6rkt\u00f8jer med fokus p\u00e5 at udvikle deres kreativitet, samskabelse og velv\u00e6re.<\/p>\n\n<div class=\"wp-block-media-text alignwide is-stacked-on-mobile home_pillar\"><figure class=\"wp-block-media-text__media\"><img loading=\"lazy\" decoding=\"async\" width=\"1000\" height=\"667\" src=\"https:\/\/www.test.banglearningframework.eu\/wp-content\/uploads\/shutterstock_1865153398.jpg\" alt=\"\" class=\"wp-image-128 size-full\" srcset=\"https:\/\/www.test.banglearningframework.eu\/wp-content\/uploads\/shutterstock_1865153398.jpg 1000w, https:\/\/www.test.banglearningframework.eu\/wp-content\/uploads\/shutterstock_1865153398-600x400.jpg 600w, https:\/\/www.test.banglearningframework.eu\/wp-content\/uploads\/shutterstock_1865153398-768x512.jpg 768w\" sizes=\"auto, (max-width: 1000px) 100vw, 1000px\" \/><\/figure><div class=\"wp-block-media-text__content\">\n<h3 class=\"wp-block-heading\">Kreativitet<\/h3>\n\n\n\n<blockquote class=\"wp-block-quote is-layout-flow wp-block-quote-is-layout-flow\">\n<p>At dyrke et kreativt mindset er vigtigt i nutidens hurtigt skiftende verden.<\/p>\n<\/blockquote>\n\n\n\n<p>Ved at tilbyde innovative ressourcer og vejledning sigter vi mod at give dig v\u00e6rkt\u00f8jer og aktiviteter, der vil hj\u00e6lpe med at inspirere dine elever til at t\u00e6nke ud af boksen, udforske nye ideer og udvikle deres unikke kreative evner.<\/p>\n<\/div><\/div>\n\n<div class=\"wp-block-media-text alignwide is-stacked-on-mobile home_pillar\"><figure class=\"wp-block-media-text__media\"><img loading=\"lazy\" decoding=\"async\" width=\"1000\" height=\"667\" src=\"https:\/\/www.test.banglearningframework.eu\/wp-content\/uploads\/shutterstock_665243878.jpg\" alt=\"\" class=\"wp-image-131 size-full\" srcset=\"https:\/\/www.test.banglearningframework.eu\/wp-content\/uploads\/shutterstock_665243878.jpg 1000w, https:\/\/www.test.banglearningframework.eu\/wp-content\/uploads\/shutterstock_665243878-600x400.jpg 600w, https:\/\/www.test.banglearningframework.eu\/wp-content\/uploads\/shutterstock_665243878-768x512.jpg 768w\" sizes=\"auto, (max-width: 1000px) 100vw, 1000px\" \/><\/figure><div class=\"wp-block-media-text__content\">\n<h3 class=\"wp-block-heading\">Trivsel<\/h3>\n\n\n\n<blockquote class=\"wp-block-quote is-layout-flow wp-block-quote-is-layout-flow\">\n<p>Kreativitet eksisterer ikke isoleret.<\/p>\n<\/blockquote>\n\n\n\n<p>Mange af vores aktiviteter er fokuseret p\u00e5 samskabelse, kraften i samarbejde og teamwork. Gennem vores materialer og aktiviteter opfordrer vi dig til at arbejde sammen med dine elever og hj\u00e6lpe dem til at arbejde bedre med hinanden for at udveksle ideer og samskabe l\u00f8sninger, der har en positiv indvirkning p\u00e5 dem individuelt, deres klasse og potentielt ogs\u00e5 deres lokale samfund. Through our materials and activities, we encourage you to work together with your students and help them to work better with each other to exchange ideas, and co-create solutions that have a positive impact on them individually, their class, and potentially also their local society. <\/p>\n<\/div><\/div>\n\n<div class=\"wp-block-media-text alignwide is-stacked-on-mobile home_pillar\"><figure class=\"wp-block-media-text__media\"><img loading=\"lazy\" decoding=\"async\" width=\"1000\" height=\"667\" src=\"https:\/\/www.test.banglearningframework.eu\/wp-content\/uploads\/shutterstock_749518390.jpg\" alt=\"\" class=\"wp-image-132 size-full\" srcset=\"https:\/\/www.test.banglearningframework.eu\/wp-content\/uploads\/shutterstock_749518390.jpg 1000w, https:\/\/www.test.banglearningframework.eu\/wp-content\/uploads\/shutterstock_749518390-600x400.jpg 600w, https:\/\/www.test.banglearningframework.eu\/wp-content\/uploads\/shutterstock_749518390-768x512.jpg 768w\" sizes=\"auto, (max-width: 1000px) 100vw, 1000px\" \/><\/figure><div class=\"wp-block-media-text__content\">\n<h3 class=\"wp-block-heading\">Samskabelse<\/h3>\n\n\n\n<blockquote class=\"wp-block-quote is-layout-flow wp-block-quote-is-layout-flow\">\n<p>Sand succes r\u00e6kker ud over akademiske resultater.<\/p>\n<\/blockquote>\n\n\n\n<p>Vores ressourcer er designet til at hj\u00e6lpe dine elever med at udvikle praksis, der fremmer deres mentale, f\u00f8lelsesm\u00e6ssige og fysiske velv\u00e6re, hvilket sikrer en afbalanceret og positiv l\u00e6ringsoplevelse.<\/p>\n<\/div><\/div>\n","protected":false},"excerpt":{"rendered":"<p>Vores Mission Styrk undervisere og elever ved at levere kreativt materiale og v\u00e6rkt\u00f8jer med fokus p\u00e5 at udvikle deres kreativitet, samskabelse og velv\u00e6re.<\/p>\n","protected":false},"author":3,"featured_media":0,"parent":0,"menu_order":0,"comment_status":"closed","ping_status":"closed","template":"","meta":{"footnotes":""},"class_list":["post-1334","page","type-page","status-publish","hentry"],"_links":{"self":[{"href":"https:\/\/www.test.banglearningframework.eu\/da\/wp-json\/wp\/v2\/pages\/1334","targetHints":{"allow":["GET"]}}],"collection":[{"href":"https:\/\/www.test.banglearningframework.eu\/da\/wp-json\/wp\/v2\/pages"}],"about":[{"href":"https:\/\/www.test.banglearningframework.eu\/da\/wp-json\/wp\/v2\/types\/page"}],"author":[{"embeddable":true,"href":"https:\/\/www.test.banglearningframework.eu\/da\/wp-json\/wp\/v2\/users\/3"}],"replies":[{"embeddable":true,"href":"https:\/\/www.test.banglearningframework.eu\/da\/wp-json\/wp\/v2\/comments?post=1334"}],"version-history":[{"count":5,"href":"https:\/\/www.test.banglearningframework.eu\/da\/wp-json\/wp\/v2\/pages\/1334\/revisions"}],"predecessor-version":[{"id":1462,"href":"https:\/\/www.test.banglearningframework.eu\/da\/wp-json\/wp\/v2\/pages\/1334\/revisions\/1462"}],"wp:attachment":[{"href":"https:\/\/www.test.banglearningframework.eu\/da\/wp-json\/wp\/v2\/media?parent=1334"}],"curies":[{"name":"wp","href":"https:\/\/api.w.org\/{rel}","templated":true}]}}